{"id":106,"date":"2023-09-11T23:12:13","date_gmt":"2023-09-11T21:12:13","guid":{"rendered":"https:\/\/www.cclogic.de\/?page_id=106"},"modified":"2023-10-03T22:16:14","modified_gmt":"2023-10-03T20:16:14","slug":"support","status":"publish","type":"page","link":"https:\/\/www.cclogic.de\/en\/support\/","title":{"rendered":"Support"},"content":{"rendered":"<div data-elementor-type=\"wp-page\" data-elementor-id=\"106\" class=\"elementor elementor-106\" data-elementor-post-type=\"page\">\n\t\t\t\t<div class=\"elementor-element elementor-element-e2f609d e-flex e-con-boxed e-con e-parent\" data-id=\"e2f609d\" data-element_type=\"container\" data-settings=\"{&quot;content_width&quot;:&quot;boxed&quot;}\" data-core-v316-plus=\"true\">\n\t\t\t\t\t<div class=\"e-con-inner\">\n\t\t\t\t<div class=\"elementor-element elementor-element-607a924 elementor-widget elementor-widget-heading\" data-id=\"607a924\" data-element_type=\"widget\" data-widget_type=\"heading.default\">\n\t\t\t\t<div class=\"elementor-widget-container\">\n\t\t\t<style>\/*! elementor - v3.19.0 - 29-01-2024 *\/\n.elementor-heading-title{padding:0;margin:0;line-height:1}.elementor-widget-heading .elementor-heading-title[class*=elementor-size-]>a{color:inherit;font-size:inherit;line-height:inherit}.elementor-widget-heading .elementor-heading-title.elementor-size-small{font-size:15px}.elementor-widget-heading .elementor-heading-title.elementor-size-medium{font-size:19px}.elementor-widget-heading .elementor-heading-title.elementor-size-large{font-size:29px}.elementor-widget-heading .elementor-heading-title.elementor-size-xl{font-size:39px}.elementor-widget-heading .elementor-heading-title.elementor-size-xxl{font-size:59px}<\/style><h1 class=\"elementor-heading-title elementor-size-default\">Support<\/h1>\t\t<\/div>\n\t\t\t\t<\/div>\n\t\t\t\t<div class=\"elementor-element elementor-element-4380e58 elementor-widget elementor-widget-heading\" data-id=\"4380e58\" data-element_type=\"widget\" data-widget_type=\"heading.default\">\n\t\t\t\t<div class=\"elementor-widget-container\">\n\t\t\t<h2 class=\"elementor-heading-title elementor-size-default\">If you are a customer and need product support, please send your question to support@cclogic.de.<\/h2>\t\t<\/div>\n\t\t\t\t<\/div>\n\t\t\t\t<div class=\"elementor-element elementor-element-ad3a211 elementor-widget elementor-widget-text-editor\" data-id=\"ad3a211\" data-element_type=\"widget\" data-widget_type=\"text-editor.default\">\n\t\t\t\t<div class=\"elementor-widget-container\">\n\t\t\t<style>\/*! elementor - v3.19.0 - 29-01-2024 *\/\n.elementor-widget-text-editor.elementor-drop-cap-view-stacked .elementor-drop-cap{background-color:#69727d;color:#fff}.elementor-widget-text-editor.elementor-drop-cap-view-framed .elementor-drop-cap{color:#69727d;border:3px solid;background-color:transparent}.elementor-widget-text-editor:not(.elementor-drop-cap-view-default) .elementor-drop-cap{margin-top:8px}.elementor-widget-text-editor:not(.elementor-drop-cap-view-default) .elementor-drop-cap-letter{width:1em;height:1em}.elementor-widget-text-editor .elementor-drop-cap{float:left;text-align:center;line-height:1;font-size:50px}.elementor-widget-text-editor .elementor-drop-cap-letter{display:inline-block}<\/style>\t\t\t\tIf you have a question about AnswerWIN, please also provide your 16-digit registration key.\n<br><br>\nBy the way: You can find the registration key in the program under the menu option Help -&gt; About AnswerWIN (under Product ID).\n<br><br>\nWe also welcome any comments and suggestions. In particular, we would appreciate it if you could point out any problems or errors you may have noticed so that we can fix them as soon as possible. Please contact us at <a href=\"mailto:answerwin@cclogic.de\">answerwin@cclogic.de<\/a>\t\t\t\t\t\t<\/div>\n\t\t\t\t<\/div>\n\t\t\t\t\t<\/div>\n\t\t\t\t<\/div>\n\t\t\t\t<\/div>","protected":false},"excerpt":{"rendered":"<p>Support Sofern Sie Kunde sind und Produkt-Support ben\u00f6tigen, senden Sie Ihre Frage bitte an support@cclogic.de. Falls Sie eine Frage zu AnswerWIN haben, geben Sie bitte auch Ihren 16-stelligen Registrierschl\u00fcssel an. \u00dcbrigens: Den Registrierschl\u00fcssel finden Sie im Programm unter der Men\u00fcoption Hilfe \u2013&gt; \u00dcber AnswerWIN (unter Produkt ID). Wir freuen uns auch \u00fcber jegliche Kommentare und [&hellip;]<\/p>","protected":false},"author":1,"featured_media":0,"parent":0,"menu_order":0,"comment_status":"closed","ping_status":"closed","template":"elementor_header_footer","meta":{"footnotes":""},"class_list":["post-106","page","type-page","status-publish","hentry"],"_links":{"self":[{"href":"https:\/\/www.cclogic.de\/en\/wp-json\/wp\/v2\/pages\/106","targetHints":{"allow":["GET"]}}],"collection":[{"href":"https:\/\/www.cclogic.de\/en\/wp-json\/wp\/v2\/pages"}],"about":[{"href":"https:\/\/www.cclogic.de\/en\/wp-json\/wp\/v2\/types\/page"}],"author":[{"embeddable":true,"href":"https:\/\/www.cclogic.de\/en\/wp-json\/wp\/v2\/users\/1"}],"replies":[{"embeddable":true,"href":"https:\/\/www.cclogic.de\/en\/wp-json\/wp\/v2\/comments?post=106"}],"version-history":[{"count":19,"href":"https:\/\/www.cclogic.de\/en\/wp-json\/wp\/v2\/pages\/106\/revisions"}],"predecessor-version":[{"id":498,"href":"https:\/\/www.cclogic.de\/en\/wp-json\/wp\/v2\/pages\/106\/revisions\/498"}],"wp:attachment":[{"href":"https:\/\/www.cclogic.de\/en\/wp-json\/wp\/v2\/media?parent=106"}],"curies":[{"name":"wp","href":"https:\/\/api.w.org\/{rel}","templated":true}]}}