{"id":217,"date":"2023-09-12T21:47:31","date_gmt":"2023-09-12T19:47:31","guid":{"rendered":"https:\/\/www.cclogic.de\/?page_id=217"},"modified":"2023-10-03T23:21:05","modified_gmt":"2023-10-03T21:21:05","slug":"answerxls","status":"publish","type":"page","link":"https:\/\/www.cclogic.de\/en\/answerxls\/","title":{"rendered":"AnswerXLS"},"content":{"rendered":"<div data-elementor-type=\"wp-page\" data-elementor-id=\"217\" class=\"elementor elementor-217\" data-elementor-post-type=\"page\">\n\t\t\t\t<div class=\"elementor-element elementor-element-4156ed7 e-flex e-con-boxed e-con e-parent\" data-id=\"4156ed7\" data-element_type=\"container\" data-settings=\"{&quot;content_width&quot;:&quot;boxed&quot;}\" data-core-v316-plus=\"true\">\n\t\t\t\t\t<div class=\"e-con-inner\">\n\t\t\t\t<div class=\"elementor-element elementor-element-61e20a1 elementor-widget__width-auto elementor-widget elementor-widget-image\" data-id=\"61e20a1\" data-element_type=\"widget\" data-widget_type=\"image.default\">\n\t\t\t\t<div class=\"elementor-widget-container\">\n\t\t\t<style>\/*! elementor - v3.19.0 - 29-01-2024 *\/\n.elementor-widget-image{text-align:center}.elementor-widget-image a{display:inline-block}.elementor-widget-image a img[src$=\".svg\"]{width:48px}.elementor-widget-image img{vertical-align:middle;display:inline-block}<\/style>\t\t\t\t\t\t\t\t\t\t<img decoding=\"async\" width=\"268\" height=\"108\" src=\"https:\/\/www.cclogic.de\/wp-content\/uploads\/2023\/09\/AnswerXLS.jpg\" class=\"attachment-full size-full wp-image-219\" alt=\"\" \/>\t\t\t\t\t\t\t\t\t\t\t\t\t<\/div>\n\t\t\t\t<\/div>\n\t\t\t\t<div class=\"elementor-element elementor-element-a149f90 elementor-widget elementor-widget-heading\" data-id=\"a149f90\" data-element_type=\"widget\" data-widget_type=\"heading.default\">\n\t\t\t\t<div class=\"elementor-widget-container\">\n\t\t\t<style>\/*! elementor - v3.19.0 - 29-01-2024 *\/\n.elementor-heading-title{padding:0;margin:0;line-height:1}.elementor-widget-heading .elementor-heading-title[class*=elementor-size-]>a{color:inherit;font-size:inherit;line-height:inherit}.elementor-widget-heading .elementor-heading-title.elementor-size-small{font-size:15px}.elementor-widget-heading .elementor-heading-title.elementor-size-medium{font-size:19px}.elementor-widget-heading .elementor-heading-title.elementor-size-large{font-size:29px}.elementor-widget-heading .elementor-heading-title.elementor-size-xl{font-size:39px}.elementor-widget-heading .elementor-heading-title.elementor-size-xxl{font-size:59px}<\/style><h2 class=\"elementor-heading-title elementor-size-default\">This module provides the complete function scope of AnswerWIN as an Excel Plug-Ins (so-called Add-Ins).<\/h2>\t\t<\/div>\n\t\t\t\t<\/div>\n\t\t\t\t<div class=\"elementor-element elementor-element-0ae8459 elementor-widget elementor-widget-text-editor\" data-id=\"0ae8459\" data-element_type=\"widget\" data-widget_type=\"text-editor.default\">\n\t\t\t\t<div class=\"elementor-widget-container\">\n\t\t\t<style>\/*! elementor - v3.19.0 - 29-01-2024 *\/\n.elementor-widget-text-editor.elementor-drop-cap-view-stacked .elementor-drop-cap{background-color:#69727d;color:#fff}.elementor-widget-text-editor.elementor-drop-cap-view-framed .elementor-drop-cap{color:#69727d;border:3px solid;background-color:transparent}.elementor-widget-text-editor:not(.elementor-drop-cap-view-default) .elementor-drop-cap{margin-top:8px}.elementor-widget-text-editor:not(.elementor-drop-cap-view-default) .elementor-drop-cap-letter{width:1em;height:1em}.elementor-widget-text-editor .elementor-drop-cap{float:left;text-align:center;line-height:1;font-size:50px}.elementor-widget-text-editor .elementor-drop-cap-letter{display:inline-block}<\/style>\t\t\t\tAn Overview of the features can also be used as <a href=\"https:\/\/www.cclogic.de\/download\/en\/CC-Logic_productinfo.pdf\">PDF<\/a> download. Here you will also find information about <a href=\"https:\/\/www.cclogic.de\/en\/answerwin\/\">AnswerWIN<\/a>.\t\t\t\t\t\t<\/div>\n\t\t\t\t<\/div>\n\t\t\t\t<div class=\"elementor-element elementor-element-b58c94f elementor-widget elementor-widget-heading\" data-id=\"b58c94f\" data-element_type=\"widget\" data-widget_type=\"heading.default\">\n\t\t\t\t<div class=\"elementor-widget-container\">\n\t\t\t<h3 class=\"elementor-heading-title elementor-size-default\">Use of AnswerXLS<\/h3>\t\t<\/div>\n\t\t\t\t<\/div>\n\t\t\t\t<div class=\"elementor-element elementor-element-5051aee elementor-widget elementor-widget-text-editor\" data-id=\"5051aee\" data-element_type=\"widget\" data-widget_type=\"text-editor.default\">\n\t\t\t\t<div class=\"elementor-widget-container\">\n\t\t\t\t\t\t\tAfter you have installed the Plug-in once, you can call the functions in the category \u201cAnswerXLS\u201d inside each Excel table via the Insert menu\/functions.\n<br><br>\nAfter selection of the appropriate function (e.g., \u201cService Level\u201d, \u201cLost Calls\u201d, \u201cusage\u201d, etc.) you will be asked interactively for the function arguments (e.g., number of calls, call duration, etc.). You can specify either a fixed value or to a cell in the table, where the value is to be found. The query arguments supported by declarations.\t\t\t\t\t\t<\/div>\n\t\t\t\t<\/div>\n\t\t\t\t<div class=\"elementor-element elementor-element-e168820 elementor-widget__width-auto elementor-widget elementor-widget-image\" data-id=\"e168820\" data-element_type=\"widget\" data-widget_type=\"image.default\">\n\t\t\t\t<div class=\"elementor-widget-container\">\n\t\t\t\t\t\t\t\t\t\t\t\t\t<img fetchpriority=\"high\" decoding=\"async\" width=\"650\" height=\"814\" src=\"https:\/\/www.cclogic.de\/wp-content\/uploads\/2023\/09\/Ecxel_Planung_mit_AnswerXLS.gif\" class=\"attachment-full size-full wp-image-220\" alt=\"\" \/>\t\t\t\t\t\t\t\t\t\t\t\t\t<\/div>\n\t\t\t\t<\/div>\n\t\t\t\t<div class=\"elementor-element elementor-element-2a2c6b3 elementor-widget elementor-widget-text-editor\" data-id=\"2a2c6b3\" data-element_type=\"widget\" data-widget_type=\"text-editor.default\">\n\t\t\t\t<div class=\"elementor-widget-container\">\n\t\t\t\t\t\t\tThe following image shows an example of what type of Excel Spreadsheets with the Excel plug-ins in a simple way can be realized:\t\t\t\t\t\t<\/div>\n\t\t\t\t<\/div>\n\t\t\t\t<div class=\"elementor-element elementor-element-0cde718 elementor-widget__width-auto elementor-widget elementor-widget-image\" data-id=\"0cde718\" data-element_type=\"widget\" data-widget_type=\"image.default\">\n\t\t\t\t<div class=\"elementor-widget-container\">\n\t\t\t\t\t\t\t\t\t\t\t\t\t<img decoding=\"async\" width=\"695\" height=\"728\" src=\"https:\/\/www.cclogic.de\/wp-content\/uploads\/2023\/09\/Excel_Datenblatt.gif\" class=\"attachment-full size-full wp-image-221\" alt=\"\" \/>\t\t\t\t\t\t\t\t\t\t\t\t\t<\/div>\n\t\t\t\t<\/div>\n\t\t\t\t<div class=\"elementor-element elementor-element-875eb20 elementor-widget elementor-widget-text-editor\" data-id=\"875eb20\" data-element_type=\"widget\" data-widget_type=\"text-editor.default\">\n\t\t\t\t<div class=\"elementor-widget-container\">\n\t\t\t\t\t\t\tThe graphical capabilities of Microsoft Excel can also be used with the Plug-Ins, so that graphical representations of all the results can be easily and flexibly implemented. Here&#039;s just one example:\t\t\t\t\t\t<\/div>\n\t\t\t\t<\/div>\n\t\t\t\t<div class=\"elementor-element elementor-element-ee4693c elementor-widget__width-auto elementor-widget elementor-widget-image\" data-id=\"ee4693c\" data-element_type=\"widget\" data-widget_type=\"image.default\">\n\t\t\t\t<div class=\"elementor-widget-container\">\n\t\t\t\t\t\t\t\t\t\t\t\t\t<img loading=\"lazy\" decoding=\"async\" width=\"714\" height=\"591\" src=\"https:\/\/www.cclogic.de\/wp-content\/uploads\/2023\/09\/Excel_Grafik_Personal.gif\" class=\"attachment-full size-full wp-image-222\" alt=\"\" \/>\t\t\t\t\t\t\t\t\t\t\t\t\t<\/div>\n\t\t\t\t<\/div>\n\t\t\t\t\t<\/div>\n\t\t\t\t<\/div>\n\t\t\t\t<\/div>","protected":false},"excerpt":{"rendered":"<p>Dieses Modul stellt den kompletten Funktionsumfang von AnswerWIN als Excel Plug-Ins zur Verf\u00fcgung (sogenannte Add-Ins). Einen \u00dcberblick \u00fcber den Funktionsumfang k\u00f6nnen Sie sich auch als PDF herunterladen. Hier finden Sie auch Informationen \u00fcber AnswerWIN. Benutzung von AnswerXLS Nachdem Sie die Plug-Ins einmalig installiert haben, k\u00f6nnen Sie die Funktionen aus der Kategorie \u201cAnswerXLS\u201d einfach innerhalb jeder [&hellip;]<\/p>","protected":false},"author":1,"featured_media":0,"parent":0,"menu_order":0,"comment_status":"closed","ping_status":"closed","template":"elementor_header_footer","meta":{"footnotes":""},"class_list":["post-217","page","type-page","status-publish","hentry"],"_links":{"self":[{"href":"https:\/\/www.cclogic.de\/en\/wp-json\/wp\/v2\/pages\/217","targetHints":{"allow":["GET"]}}],"collection":[{"href":"https:\/\/www.cclogic.de\/en\/wp-json\/wp\/v2\/pages"}],"about":[{"href":"https:\/\/www.cclogic.de\/en\/wp-json\/wp\/v2\/types\/page"}],"author":[{"embeddable":true,"href":"https:\/\/www.cclogic.de\/en\/wp-json\/wp\/v2\/users\/1"}],"replies":[{"embeddable":true,"href":"https:\/\/www.cclogic.de\/en\/wp-json\/wp\/v2\/comments?post=217"}],"version-history":[{"count":10,"href":"https:\/\/www.cclogic.de\/en\/wp-json\/wp\/v2\/pages\/217\/revisions"}],"predecessor-version":[{"id":530,"href":"https:\/\/www.cclogic.de\/en\/wp-json\/wp\/v2\/pages\/217\/revisions\/530"}],"wp:attachment":[{"href":"https:\/\/www.cclogic.de\/en\/wp-json\/wp\/v2\/media?parent=217"}],"curies":[{"name":"wp","href":"https:\/\/api.w.org\/{rel}","templated":true}]}}