{"id":287,"date":"2023-09-12T23:23:27","date_gmt":"2023-09-12T21:23:27","guid":{"rendered":"https:\/\/www.cclogic.de\/?page_id=287"},"modified":"2023-09-12T23:29:20","modified_gmt":"2023-09-12T21:29:20","slug":"datenschutz","status":"publish","type":"page","link":"https:\/\/www.cclogic.de\/en\/datenschutz\/","title":{"rendered":"Privacy"},"content":{"rendered":"<div data-elementor-type=\"wp-page\" data-elementor-id=\"287\" class=\"elementor elementor-287\" data-elementor-post-type=\"page\">\n\t\t\t\t<div class=\"elementor-element elementor-element-b1b7c8e e-flex e-con-boxed e-con e-parent\" data-id=\"b1b7c8e\" data-element_type=\"container\" data-settings=\"{&quot;content_width&quot;:&quot;boxed&quot;}\" data-core-v316-plus=\"true\">\n\t\t\t\t\t<div class=\"e-con-inner\">\n\t\t\t\t<div class=\"elementor-element elementor-element-28fb8b1 elementor-widget elementor-widget-heading\" data-id=\"28fb8b1\" data-element_type=\"widget\" data-widget_type=\"heading.default\">\n\t\t\t\t<div class=\"elementor-widget-container\">\n\t\t\t<style>\/*! elementor - v3.19.0 - 29-01-2024 *\/\n.elementor-heading-title{padding:0;margin:0;line-height:1}.elementor-widget-heading .elementor-heading-title[class*=elementor-size-]>a{color:inherit;font-size:inherit;line-height:inherit}.elementor-widget-heading .elementor-heading-title.elementor-size-small{font-size:15px}.elementor-widget-heading .elementor-heading-title.elementor-size-medium{font-size:19px}.elementor-widget-heading .elementor-heading-title.elementor-size-large{font-size:29px}.elementor-widget-heading .elementor-heading-title.elementor-size-xl{font-size:39px}.elementor-widget-heading .elementor-heading-title.elementor-size-xxl{font-size:59px}<\/style><h1 class=\"elementor-heading-title elementor-size-default\">Privacy<\/h1>\t\t<\/div>\n\t\t\t\t<\/div>\n\t\t\t\t<div class=\"elementor-element elementor-element-08772d2 elementor-widget elementor-widget-heading\" data-id=\"08772d2\" data-element_type=\"widget\" data-widget_type=\"heading.default\">\n\t\t\t\t<div class=\"elementor-widget-container\">\n\t\t\t<h2 class=\"elementor-heading-title elementor-size-default\">Privacy policy cclogic.eu<\/h2>\t\t<\/div>\n\t\t\t\t<\/div>\n\t\t\t\t<div class=\"elementor-element elementor-element-c69949c elementor-widget elementor-widget-text-editor\" data-id=\"c69949c\" data-element_type=\"widget\" data-widget_type=\"text-editor.default\">\n\t\t\t\t<div class=\"elementor-widget-container\">\n\t\t\t<style>\/*! elementor - v3.19.0 - 29-01-2024 *\/\n.elementor-widget-text-editor.elementor-drop-cap-view-stacked .elementor-drop-cap{background-color:#69727d;color:#fff}.elementor-widget-text-editor.elementor-drop-cap-view-framed .elementor-drop-cap{color:#69727d;border:3px solid;background-color:transparent}.elementor-widget-text-editor:not(.elementor-drop-cap-view-default) .elementor-drop-cap{margin-top:8px}.elementor-widget-text-editor:not(.elementor-drop-cap-view-default) .elementor-drop-cap-letter{width:1em;height:1em}.elementor-widget-text-editor .elementor-drop-cap{float:left;text-align:center;line-height:1;font-size:50px}.elementor-widget-text-editor .elementor-drop-cap-letter{display:inline-block}<\/style>\t\t\t\tThe data protection for cclogic.the eu is important. Your data will exclusively be processed in accordance with the applicable statutory data protection regulations and collected. This includes the storage, collection, Transmission, modification, blocking or deletion of your data.\n\nIn the context of business cclogic informed.the eu about the fact that the transmitted data will be processed in consultation with, or with the aid of a computer system, as well as to be saved. It is, of course, that personal data will be treated confidentially. The collection, use or processing of personal data, you expressly agree to. The right to revoke this consent with effect for the future, you agree to (explicitly).\t\t\t\t\t\t<\/div>\n\t\t\t\t<\/div>\n\t\t\t\t<div class=\"elementor-element elementor-element-f57bfa1 elementor-widget elementor-widget-heading\" data-id=\"f57bfa1\" data-element_type=\"widget\" data-widget_type=\"heading.default\">\n\t\t\t\t<div class=\"elementor-widget-container\">\n\t\t\t<h2 class=\"elementor-heading-title elementor-size-default\">1. The collection and processing of personal data<\/h2>\t\t<\/div>\n\t\t\t\t<\/div>\n\t\t\t\t<div class=\"elementor-element elementor-element-9e9f664 elementor-widget elementor-widget-text-editor\" data-id=\"9e9f664\" data-element_type=\"widget\" data-widget_type=\"text-editor.default\">\n\t\t\t\t<div class=\"elementor-widget-container\">\n\t\t\t\t\t\t\tWe guarantee that the collected personal data only to the extent that the performance of the services required. It is not, of course, that we disclose the data to third parties. It should be noted that this are our service partners that we need for the execution of the services. We will note knits in these cases referred to the observance of the provisions of the Federal data protection act. It is guaranteed that the scope of data transmission is restricted to a minimum.\n<br><br>\nFor three basic purposes cclogic is.the eu will use the data collected:\n<br><br>\nAll the content of cclogic.eu, including the advertising services, with your consent on your personal interests. As a further purpose of the processing of orders, Offers, and services is called.\n<br><br>\nThe survey also takes place, so that we can provide you with your consent, about special offers or new products cclogic.the eu can teach. It is, of course, that you can revoke your consent at any time by sending an E-Mail to redaktion@cclogic.eu with effect for the future.\t\t\t\t\t\t<\/div>\n\t\t\t\t<\/div>\n\t\t\t\t<div class=\"elementor-element elementor-element-002bd5d elementor-widget elementor-widget-heading\" data-id=\"002bd5d\" data-element_type=\"widget\" data-widget_type=\"heading.default\">\n\t\t\t\t<div class=\"elementor-widget-container\">\n\t\t\t<h2 class=\"elementor-heading-title elementor-size-default\">2. Cookies<\/h2>\t\t<\/div>\n\t\t\t\t<\/div>\n\t\t\t\t<div class=\"elementor-element elementor-element-e153d08 elementor-widget elementor-widget-text-editor\" data-id=\"e153d08\" data-element_type=\"widget\" data-widget_type=\"text-editor.default\">\n\t\t\t\t<div class=\"elementor-widget-container\">\n\t\t\t\t\t\t\tThe websites of cclogic.eu use at several locations so-called Cookies. Cookies are small text files. They are stored on your computer and saved by your Browser. The purpose of this is to make our offer more user-friendly, safer, and more effective. In addition, Cookies enable our systems to recognize your Web Browser and you with this Services. It is expressly pointed out that the Cookies do no harm to your computer. They do not contain viruses.\t\t\t\t\t\t<\/div>\n\t\t\t\t<\/div>\n\t\t\t\t<div class=\"elementor-element elementor-element-b6981ea elementor-widget elementor-widget-heading\" data-id=\"b6981ea\" data-element_type=\"widget\" data-widget_type=\"heading.default\">\n\t\t\t\t<div class=\"elementor-widget-container\">\n\t\t\t<h2 class=\"elementor-heading-title elementor-size-default\">3. Use of Google Analytics<\/h2>\t\t<\/div>\n\t\t\t\t<\/div>\n\t\t\t\t<div class=\"elementor-element elementor-element-3e16ccf elementor-widget elementor-widget-text-editor\" data-id=\"3e16ccf\" data-element_type=\"widget\" data-widget_type=\"text-editor.default\">\n\t\t\t\t<div class=\"elementor-widget-container\">\n\t\t\t\t\t\t\t&#034;This Website uses Google Analytics, a web Analytics service provided by Google, Inc. (&#034;Google&#034;). Google Analytics uses &#034;Cookies&#034;, text files that are stored on your Computer that enable an analysis of your use of the Website. The information generated by the Cookie about your use of this Website is usually transmitted to a Google Server in the USA and stored there. In the case of activation of the IP anonymization on this website, truncate your IP address beforehand by Google within member States of the European Union or in other Contracting States of the agreement on the European economic area. Only in exceptional cases will the full IP address be transmitted to a Google Server in the USA and shortened there.\n<br><br>\nIm Auftrag des Betreibers dieser Website wird Google diese Informationen benutzen, um Ihre Nutzung der Website auszuwerten, um Reports \u00fcber die Websiteaktivit\u00e4ten zusammenzustellen und um weitere mit der Websitenutzung und der Internetnutzung verbundene Dienstleistungen gegen\u00fcber dem Websitebetreiber zu erbringenDie im Rahmen von Google Analytics von Ihrem Browser \u00fcbermittelte IP-Adresse wird nicht mit anderen Daten von Google zusammengef\u00fchrt. Sie k\u00f6nnen die Speicherung der Cookies durch eine entsprechende Einstellung Ihrer Browser-Software verhindern; wir weisen Sie jedoch darauf hin, dass Sie in diesem Fall gegebenenfalls nicht s\u00e4mtliche Funktionen dieser Website vollumf\u00e4nglich werden nutzen k\u00f6nnen. Sie k\u00f6nnen dar\u00fcber hinaus die Erfassung der durch das Cookie erzeugten und auf Ihre Nutzung der Website bezogenen Daten (inkl. Ihrer IP-Adresse) an Google sowie die Verarbeitung dieser Daten durch Google verhindern, indem sie das unter dem folgenden Link verf\u00fcgbare Browser-Plugin herunterladen und installieren [Link hier einf\u00fcgen. Der aktuelle Link ist http:\/\/tools.google.com\/dlpage\/gaoptout?hl=de.\n<br><br>\nIt should also be noted at this point that the company Google will not associate your IP address with any other data held by Google. The important point is that you can prevent the Installation of Cookies by a corresponding setting in your Web Browser Software. It is important to note that in this case may be of the functionality of all the options of Use of this web site \/ the web sites and pages of cclogic.eu and are excluded or partially excluded could be.\n<br><br>\nIn this section, it should finally be noted that you declare the use of this website to the processing or the processing of the data collected about you by Google in the above-described manner and for the designated purpose, or purposes, agree.\t\t\t\t\t\t<\/div>\n\t\t\t\t<\/div>\n\t\t\t\t<div class=\"elementor-element elementor-element-5beefcb elementor-widget elementor-widget-heading\" data-id=\"5beefcb\" data-element_type=\"widget\" data-widget_type=\"heading.default\">\n\t\t\t\t<div class=\"elementor-widget-container\">\n\t\t\t<h2 class=\"elementor-heading-title elementor-size-default\">4. Information, correction, blocking and deletion of data<\/h2>\t\t<\/div>\n\t\t\t\t<\/div>\n\t\t\t\t<div class=\"elementor-element elementor-element-1f8147a elementor-widget elementor-widget-text-editor\" data-id=\"1f8147a\" data-element_type=\"widget\" data-widget_type=\"text-editor.default\">\n\t\t\t\t<div class=\"elementor-widget-container\">\n\t\t\t\t\t\t\tIt is, of course, that you can at any time request the right to access, rectification, Erasure or blocking of your stored data, and that this is then made in the context of the Possible. In this case, we ask you to contact us with your request, inform. The contact details you have, for example, in the imprint of this website \/ Homepage.\t\t\t\t\t\t<\/div>\n\t\t\t\t<\/div>\n\t\t\t\t<div class=\"elementor-element elementor-element-cf909dc elementor-widget elementor-widget-heading\" data-id=\"cf909dc\" data-element_type=\"widget\" data-widget_type=\"heading.default\">\n\t\t\t\t<div class=\"elementor-widget-container\">\n\t\t\t<h2 class=\"elementor-heading-title elementor-size-default\">5. Controlled Advertising<\/h2>\t\t<\/div>\n\t\t\t\t<\/div>\n\t\t\t\t<div class=\"elementor-element elementor-element-1c6e879 elementor-widget elementor-widget-text-editor\" data-id=\"1c6e879\" data-element_type=\"widget\" data-widget_type=\"text-editor.default\">\n\t\t\t\t<div class=\"elementor-widget-container\">\n\t\t\t\t\t\t\tIt should again be pointed out explicitly that our partners, in the context of commercial communications \/ advertising display of Cookies. This is used primarily for the optimal delivery of advertising on the websites you visit. We point out that in no case is optional, to pull by means of Cookies on your name, address, or other personal data to draw conclusions. Free use of this website is exclusively a result of the refinancing by means of commercial communications \/ advertising for you possible. Should you wish to, in spite of this Fact however, no controlled commercials delivered to get it, please click on the following Opt-Out Link.\t\t\t\t\t\t<\/div>\n\t\t\t\t<\/div>\n\t\t\t\t<div class=\"elementor-element elementor-element-2646ba7 elementor-widget elementor-widget-heading\" data-id=\"2646ba7\" data-element_type=\"widget\" data-widget_type=\"heading.default\">\n\t\t\t\t<div class=\"elementor-widget-container\">\n\t\t\t<h2 class=\"elementor-heading-title elementor-size-default\">6. Social Networks<\/h2>\t\t<\/div>\n\t\t\t\t<\/div>\n\t\t\t\t<div class=\"elementor-element elementor-element-10c5995 elementor-widget elementor-widget-text-editor\" data-id=\"10c5995\" data-element_type=\"widget\" data-widget_type=\"text-editor.default\">\n\t\t\t\t<div class=\"elementor-widget-container\">\n\t\t\t\t\t\t\tMore and more users are a member in a social network, like Facebook, StudiVZ, or similar. The websites of cclogic.the eu are trying to represent here an optimal interface of this increasingly important networks. Therefore, we use so-called Social plug-ins, for example, of the provider facebook.com. These Plugins are, for example, from Facebook Inc., 1601 S. California Ave, Palo Alto, CA 94304, USA, operated (\u201cFacebook\u201d). It is important to note that the Plugins, for example, are marked with a Facebook Logo or the addition \u201cFacebook Social Plugin\u201d and the reader\/website users according to present.\n<br><br>\nIt is important that, if the users of the cclogic.eu websites contacted and calls, the Option of such Social plug-ins offers. In these cases, the user&#039;s Browser establishes a direct connection with the Facebook servers (or other Social networks). It is important to note that the Social plug-in content, for example, of Facebook Inc. directly to the Browser of the user is transmitted and integrated into the website is and represents.\n<br><br>\nSocial networks such as Facebook Inc. obtained by the integration of the Social plug-ins information that the users of the corresponding page of cclogic.the eu has called. It is important to consider that should be logged the user in Facebook or any other Social networks, such as Facebook Inc. \u2013 the visit, for example, the Facebook account of the user can assign. You come so, for example, through the activation of the plug-in button &#034;Like&#034; in interaction with other users, or enter a comment in this environment, please be aware that the corresponding Information from the user&#039;s Browser directly to the Social networks such as Facebook Inc. would be transferred and there stored.\n<br><br>\nIt should be noted that the purpose, or the extent of data collection, as well as on the further user data processing through Social networks such as Facebook Inc. and the related rights and setting options to the user for the protection of privacy data privacy policy of the Social networks, such as Facebook Inc., to remove are.\n<br><br>\nThere are, however, the Option should a user who does not want Social networks such as Facebook Inc., the websites of cclogic.eu data concerning him\/they collect he\/she can log out of Facebook on the respective websites of the Social networks. This must be done before the websites of cclogic.the eu called to be visited. Should you have any further questions, please contact us.\neMail: info@cclogic.eu\n<br><br>\nOn behalf of the operator of this Website, Google will use this information to evaluate your use of the Website, compiling Reports on the website activities and to further the use of the website and Internet related services to the website operator providing nThe within the framework of Google Analytics that your Browser sends IP address can not be merged with other data from Google. You can prevent the storage of Cookies by a corresponding setting of your Browser Software; we note, however, that you can use in this case not all functions of this Website to their full extent. You can also prevent the acquisition by the Cookie on your use of Website-related data (incl. Your IP-address) to Google and the processing of these data by Google by downloading available at the following Link Browser Plugin and installing it: [Link here. This is the current Link\n<br><br>\nhttp:\/\/tools.google.com\/dlpage\/gaoptout?hl=de.\t\t\t\t\t\t<\/div>\n\t\t\t\t<\/div>\n\t\t\t\t\t<\/div>\n\t\t\t\t<\/div>\n\t\t\t\t<\/div>","protected":false},"excerpt":{"rendered":"<p>Datenschutz Datenschutzerkl\u00e4rung von cclogic.eu Der Datenschutz ist f\u00fcr cclogic.eu wichtig. Ihre Daten werden ausschlie\u00dflich unter Beachtung der geltenden gesetzlichen datenschutzrechtlichen Vorschriften verarbeitet und erhoben. Dieses umfasst sowohl die Speicherung, Erhebung, \u00dcbermittlung, Ver\u00e4nderung, Sperrung oder L\u00f6schung Ihrer Daten. Im Rahmen der Gesch\u00e4ftsabwicklung informiert cclogic.eu dar\u00fcber, dass die von Ihnen \u00fcbermittelten Daten unter Hinzuziehung, beziehungsweise mit Hilfe [&hellip;]<\/p>","protected":false},"author":1,"featured_media":0,"parent":0,"menu_order":0,"comment_status":"closed","ping_status":"closed","template":"elementor_header_footer","meta":{"footnotes":""},"class_list":["post-287","page","type-page","status-publish","hentry"],"_links":{"self":[{"href":"https:\/\/www.cclogic.de\/en\/wp-json\/wp\/v2\/pages\/287","targetHints":{"allow":["GET"]}}],"collection":[{"href":"https:\/\/www.cclogic.de\/en\/wp-json\/wp\/v2\/pages"}],"about":[{"href":"https:\/\/www.cclogic.de\/en\/wp-json\/wp\/v2\/types\/page"}],"author":[{"embeddable":true,"href":"https:\/\/www.cclogic.de\/en\/wp-json\/wp\/v2\/users\/1"}],"replies":[{"embeddable":true,"href":"https:\/\/www.cclogic.de\/en\/wp-json\/wp\/v2\/comments?post=287"}],"version-history":[{"count":4,"href":"https:\/\/www.cclogic.de\/en\/wp-json\/wp\/v2\/pages\/287\/revisions"}],"predecessor-version":[{"id":291,"href":"https:\/\/www.cclogic.de\/en\/wp-json\/wp\/v2\/pages\/287\/revisions\/291"}],"wp:attachment":[{"href":"https:\/\/www.cclogic.de\/en\/wp-json\/wp\/v2\/media?parent=287"}],"curies":[{"name":"wp","href":"https:\/\/api.w.org\/{rel}","templated":true}]}}